{"id":233,"date":"2020-07-12T13:13:27","date_gmt":"2020-07-12T13:13:27","guid":{"rendered":"https:\/\/xn--hjertentt-r8a.no\/?page_id=233"},"modified":"2021-01-27T20:38:27","modified_gmt":"2021-01-27T20:38:27","slug":"plantesystem","status":"publish","type":"page","link":"https:\/\/xn--hjertentt-r8a.no\/?page_id=233","title":{"rendered":"Plantesystem"},"content":{"rendered":"\n<p>Plantesystemene som brukes i n\u00f8tteproduksjon er relativt konservative i forhold til hvordan man gj\u00f8r det i fruktproduksjon. Man planter f\u00e5 planter med stor avstand, og lar disse utvikle seg til store parktr\u00e6r. Prisene p\u00e5 tr\u00e6r av hjerten\u00f8tt er sv\u00e6rt h\u00f8ye, s\u00e5 forel\u00f8pig er det nok rett \u00e5 benytte slike systemer.<\/p>\n\n\n\n<p>Plantene settes med 12 meter avstand. For \u00e5 utnytte arealet bedre, burde det v\u00e6rt satt tr\u00e6r mellom rekkene i tillegg, som da fjernes n\u00e5r plantene er s\u00e5 store at de vokser sammen. Dette har vi ikke gjort, grunnet den h\u00f8ye prisen p\u00e5 hjerten\u00f8tt-tr\u00e6r.<\/p>\n\n\n\n<p>I n\u00f8tteproduksjon benyttes ofte en mellomavling som st\u00e5r i radene mellom tr\u00e6rne i \u00e5rene frem til man f\u00e5r n\u00f8tteavling. Hos oss er det gras som dyrkes, som sauene beiter. Derfor m\u00e5 hvert tre gjerdes inn for \u00e5 unng\u00e5 at sauen f\u00e5r tak i tr\u00e6rne. Dette buret skal bare st\u00e5 noen f\u00e5 \u00e5r frem til at tr\u00e6rne er store nok til \u00e5 unng\u00e5 beitedyr. For \u00e5 redusere etableringskostnaden har vi hogd gjerdep\u00e5ler selv, og benyttet dem uimpregnert, siden det ikke gj\u00f8r noe om de r\u00e5tner om et par \u00e5r.<\/p>\n\n\n\n<figure class=\"wp-block-image size-large is-style-default\"><img loading=\"lazy\" decoding=\"async\" width=\"929\" height=\"935\" src=\"https:\/\/xn--hjertentt-r8a.no\/wp-content\/uploads\/2021\/01\/Planteplan-revidert-host-2020.png\" alt=\"\" class=\"wp-image-327\" srcset=\"https:\/\/xn--hjertentt-r8a.no\/wp-content\/uploads\/2021\/01\/Planteplan-revidert-host-2020.png 929w, https:\/\/xn--hjertentt-r8a.no\/wp-content\/uploads\/2021\/01\/Planteplan-revidert-host-2020-298x300.png 298w, https:\/\/xn--hjertentt-r8a.no\/wp-content\/uploads\/2021\/01\/Planteplan-revidert-host-2020-150x150.png 150w, https:\/\/xn--hjertentt-r8a.no\/wp-content\/uploads\/2021\/01\/Planteplan-revidert-host-2020-768x773.png 768w\" sizes=\"auto, (max-width: 709px) 85vw, (max-width: 909px) 67vw, (max-width: 1362px) 62vw, 840px\" \/><figcaption>Plantene st\u00e5r med 12 meter avstand, og ulike sorter om hverandre for bedre pollinering. For \u00e5 f\u00e5 arealet fortere opp i produksjon kunne det v\u00e6rt satt midlertidige planter mellom hver rad.<\/figcaption><\/figure>\n\n\n\n<p>Siden dette er fors\u00f8k, kreves det god merking av hvert tre. Vi bruker derfor fargekoder og nummerering p\u00e5 hver st\u00f8ttep\u00e5le. <\/p>\n\n\n\n<figure class=\"wp-block-image size-large is-resized\"><img loading=\"lazy\" decoding=\"async\" src=\"https:\/\/xn--hjertentt-r8a.no\/wp-content\/uploads\/2020\/07\/Hjerten\u00f8tt-merking.jpg\" alt=\"\" class=\"wp-image-242\" width=\"622\" height=\"350\" srcset=\"https:\/\/xn--hjertentt-r8a.no\/wp-content\/uploads\/2020\/07\/Hjerten\u00f8tt-merking.jpg 391w, https:\/\/xn--hjertentt-r8a.no\/wp-content\/uploads\/2020\/07\/Hjerten\u00f8tt-merking-300x169.jpg 300w\" sizes=\"auto, (max-width: 622px) 85vw, 622px\" \/><figcaption>St\u00f8ttep\u00e5len til hvert hvert tre fargekodes og merket med treets individnummer.<\/figcaption><\/figure>\n\n\n\n<p><\/p>\n","protected":false},"excerpt":{"rendered":"<p>Plantesystemene som brukes i n\u00f8tteproduksjon er relativt konservative i forhold til hvordan man gj\u00f8r det i fruktproduksjon. Man planter f\u00e5 planter med stor avstand, og lar disse utvikle seg til store parktr\u00e6r. Prisene p\u00e5 tr\u00e6r av hjerten\u00f8tt er sv\u00e6rt h\u00f8ye, s\u00e5 forel\u00f8pig er det nok rett \u00e5 benytte slike systemer. Plantene settes med 12 meter &hellip; <a href=\"https:\/\/xn--hjertentt-r8a.no\/?page_id=233\" class=\"more-link\">Fortsett \u00e5 lese<span class=\"screen-reader-text\"> \u00abPlantesystem\u00bb<\/span><\/a><\/p>\n","protected":false},"author":1,"featured_media":0,"parent":0,"menu_order":0,"comment_status":"closed","ping_status":"closed","template":"","meta":{"footnotes":""},"class_list":["post-233","page","type-page","status-publish","hentry"],"_links":{"self":[{"href":"https:\/\/xn--hjertentt-r8a.no\/index.php?rest_route=\/wp\/v2\/pages\/233","targetHints":{"allow":["GET"]}}],"collection":[{"href":"https:\/\/xn--hjertentt-r8a.no\/index.php?rest_route=\/wp\/v2\/pages"}],"about":[{"href":"https:\/\/xn--hjertentt-r8a.no\/index.php?rest_route=\/wp\/v2\/types\/page"}],"author":[{"embeddable":true,"href":"https:\/\/xn--hjertentt-r8a.no\/index.php?rest_route=\/wp\/v2\/users\/1"}],"replies":[{"embeddable":true,"href":"https:\/\/xn--hjertentt-r8a.no\/index.php?rest_route=%2Fwp%2Fv2%2Fcomments&post=233"}],"version-history":[{"count":9,"href":"https:\/\/xn--hjertentt-r8a.no\/index.php?rest_route=\/wp\/v2\/pages\/233\/revisions"}],"predecessor-version":[{"id":328,"href":"https:\/\/xn--hjertentt-r8a.no\/index.php?rest_route=\/wp\/v2\/pages\/233\/revisions\/328"}],"wp:attachment":[{"href":"https:\/\/xn--hjertentt-r8a.no\/index.php?rest_route=%2Fwp%2Fv2%2Fmedia&parent=233"}],"curies":[{"name":"wp","href":"https:\/\/api.w.org\/{rel}","templated":true}]}}