{"id":63,"date":"2020-07-10T19:25:00","date_gmt":"2020-07-10T19:25:00","guid":{"rendered":"https:\/\/xn--hjertentt-r8a.no\/?page_id=63"},"modified":"2021-01-27T20:31:26","modified_gmt":"2021-01-27T20:31:26","slug":"hjem","status":"publish","type":"page","link":"https:\/\/xn--hjertentt-r8a.no\/?page_id=63","title":{"rendered":"Hjerten\u00f8tt"},"content":{"rendered":"\n<p>Dette er en nettside om v\u00e5r produksjon av hjerten\u00f8tter. Vi \u00f8nsker \u00e5 se om det g\u00e5r an \u00e5 produsere noe annet enn gras i bratte vestlandsbeiter. I den sammenheng samarbeider vi med NIBIO om \u00e5 teste ut n\u00f8tteproduksjon, samt lage en dyrkningsveiledning for hjerten\u00f8tter.<\/p>\n\n\n\n<p>Dette er en langsiktig produksjon, der det g\u00e5r \u00e5revis mellom planting og h\u00f8sting. Vi kommer derfor fortl\u00f8pende til \u00e5 publisere informasjon om hvordan det g\u00e5r. Det kan jo v\u00e6re nyttig for andre ogs\u00e5. Om det g\u00e5r bra b\u00f8r andre kopiere. Blir det en fiasko, kan jo andre se hva man ikke skal gj\u00f8re&#8230;&#8230;<\/p>\n\n\n\n<p><\/p>\n","protected":false},"excerpt":{"rendered":"<p>Dette er en nettside om v\u00e5r produksjon av hjerten\u00f8tter. Vi \u00f8nsker \u00e5 se om det g\u00e5r an \u00e5 produsere noe annet enn gras i bratte vestlandsbeiter. I den sammenheng samarbeider vi med NIBIO om \u00e5 teste ut n\u00f8tteproduksjon, samt lage en dyrkningsveiledning for hjerten\u00f8tter. Dette er en langsiktig produksjon, der det g\u00e5r \u00e5revis mellom planting &hellip; <a href=\"https:\/\/xn--hjertentt-r8a.no\/?page_id=63\" class=\"more-link\">Fortsett \u00e5 lese<span class=\"screen-reader-text\"> \u00abHjerten\u00f8tt\u00bb<\/span><\/a><\/p>\n","protected":false},"author":1,"featured_media":325,"parent":0,"menu_order":0,"comment_status":"closed","ping_status":"closed","template":"","meta":{"footnotes":""},"class_list":["post-63","page","type-page","status-publish","has-post-thumbnail","hentry"],"_links":{"self":[{"href":"https:\/\/xn--hjertentt-r8a.no\/index.php?rest_route=\/wp\/v2\/pages\/63","targetHints":{"allow":["GET"]}}],"collection":[{"href":"https:\/\/xn--hjertentt-r8a.no\/index.php?rest_route=\/wp\/v2\/pages"}],"about":[{"href":"https:\/\/xn--hjertentt-r8a.no\/index.php?rest_route=\/wp\/v2\/types\/page"}],"author":[{"embeddable":true,"href":"https:\/\/xn--hjertentt-r8a.no\/index.php?rest_route=\/wp\/v2\/users\/1"}],"replies":[{"embeddable":true,"href":"https:\/\/xn--hjertentt-r8a.no\/index.php?rest_route=%2Fwp%2Fv2%2Fcomments&post=63"}],"version-history":[{"count":4,"href":"https:\/\/xn--hjertentt-r8a.no\/index.php?rest_route=\/wp\/v2\/pages\/63\/revisions"}],"predecessor-version":[{"id":225,"href":"https:\/\/xn--hjertentt-r8a.no\/index.php?rest_route=\/wp\/v2\/pages\/63\/revisions\/225"}],"wp:featuredmedia":[{"embeddable":true,"href":"https:\/\/xn--hjertentt-r8a.no\/index.php?rest_route=\/wp\/v2\/media\/325"}],"wp:attachment":[{"href":"https:\/\/xn--hjertentt-r8a.no\/index.php?rest_route=%2Fwp%2Fv2%2Fmedia&parent=63"}],"curies":[{"name":"wp","href":"https:\/\/api.w.org\/{rel}","templated":true}]}}