{"id":83,"date":"2020-07-10T19:25:00","date_gmt":"2020-07-10T19:25:00","guid":{"rendered":"https:\/\/xn--hjertentt-r8a.no\/?page_id=83"},"modified":"2020-07-11T14:54:16","modified_gmt":"2020-07-11T14:54:16","slug":"hvorfor-hjertenotter","status":"publish","type":"page","link":"https:\/\/xn--hjertentt-r8a.no\/?page_id=83","title":{"rendered":"Om hjerten\u00f8tt"},"content":{"rendered":"\n<p>Hjerten\u00f8tter skal t\u00e5le et kj\u00f8ligere og fuktigere klima enn valn\u00f8tter. N\u00e6ringsinnhold og smak er som hjerten\u00f8tt. Avlingene er forventet \u00e5 v\u00e6re litt lavere enn valn\u00f8tt, men stell, h\u00f8sting og lagring er mye likt som hos valn\u00f8tt.<\/p>\n","protected":false},"excerpt":{"rendered":"<p>Hjerten\u00f8tter skal t\u00e5le et kj\u00f8ligere og fuktigere klima enn valn\u00f8tter. N\u00e6ringsinnhold og smak er som hjerten\u00f8tt. Avlingene er forventet \u00e5 v\u00e6re litt lavere enn valn\u00f8tt, men stell, h\u00f8sting og lagring er mye likt som hos valn\u00f8tt.<\/p>\n","protected":false},"author":1,"featured_media":160,"parent":0,"menu_order":0,"comment_status":"closed","ping_status":"closed","template":"","meta":{"footnotes":""},"class_list":["post-83","page","type-page","status-publish","has-post-thumbnail","hentry"],"_links":{"self":[{"href":"https:\/\/xn--hjertentt-r8a.no\/index.php?rest_route=\/wp\/v2\/pages\/83","targetHints":{"allow":["GET"]}}],"collection":[{"href":"https:\/\/xn--hjertentt-r8a.no\/index.php?rest_route=\/wp\/v2\/pages"}],"about":[{"href":"https:\/\/xn--hjertentt-r8a.no\/index.php?rest_route=\/wp\/v2\/types\/page"}],"author":[{"embeddable":true,"href":"https:\/\/xn--hjertentt-r8a.no\/index.php?rest_route=\/wp\/v2\/users\/1"}],"replies":[{"embeddable":true,"href":"https:\/\/xn--hjertentt-r8a.no\/index.php?rest_route=%2Fwp%2Fv2%2Fcomments&post=83"}],"version-history":[{"count":2,"href":"https:\/\/xn--hjertentt-r8a.no\/index.php?rest_route=\/wp\/v2\/pages\/83\/revisions"}],"predecessor-version":[{"id":197,"href":"https:\/\/xn--hjertentt-r8a.no\/index.php?rest_route=\/wp\/v2\/pages\/83\/revisions\/197"}],"wp:featuredmedia":[{"embeddable":true,"href":"https:\/\/xn--hjertentt-r8a.no\/index.php?rest_route=\/wp\/v2\/media\/160"}],"wp:attachment":[{"href":"https:\/\/xn--hjertentt-r8a.no\/index.php?rest_route=%2Fwp%2Fv2%2Fmedia&parent=83"}],"curies":[{"name":"wp","href":"https:\/\/api.w.org\/{rel}","templated":true}]}}