{"id":87,"date":"2020-07-10T19:25:00","date_gmt":"2020-07-10T19:25:00","guid":{"rendered":"https:\/\/xn--hjertentt-r8a.no\/?page_id=87"},"modified":"2021-02-13T18:59:06","modified_gmt":"2021-02-13T18:59:06","slug":"hva-er-hjertnotter","status":"publish","type":"page","link":"https:\/\/xn--hjertentt-r8a.no\/?page_id=87","title":{"rendered":"Hva er hjertn\u00f8tt?"},"content":{"rendered":"\n<p>Hjerten\u00f8tt (Juglans ailantifolia var. cordiformis) er en variant av valn\u00f8tt (Juglans).  Den er en foredlet variant av japansk valn\u00f8tt (Juglans ailantifolia).  Den t\u00e5ler bedre b\u00e5de kulde og fuktighet enn valn\u00f8tt, slik at den forventes \u00e5 trives bedre i nordisk klima enn valn\u00f8tt. Den er sv\u00e6rt hurtigvoksende, og starter produksjonen raskere enn de fleste andre n\u00f8ttetr\u00e6r.<\/p>\n\n\n\n<p>Smaken er som valn\u00f8tt, bare litt mildere, og mye bedre. Den ser ut som et valentinshjerte, men kan v\u00e6re vanskelig \u00e5 \u00e5pne. Derfor er det viktig \u00e5 plante sorter som \u00e5pnes lett, slik at det er kommersielt interessant \u00e5 selge. Planter som kommer fra fr\u00f8 vil ofte kunne gi n\u00f8tter som er sv\u00e6rt vanskelige \u00e5 knekke.<\/p>\n","protected":false},"excerpt":{"rendered":"<p>Hjerten\u00f8tt (Juglans ailantifolia var. cordiformis) er en variant av valn\u00f8tt (Juglans). Den er en foredlet variant av japansk valn\u00f8tt (Juglans ailantifolia). Den t\u00e5ler bedre b\u00e5de kulde og fuktighet enn valn\u00f8tt, slik at den forventes \u00e5 trives bedre i nordisk klima enn valn\u00f8tt. Den er sv\u00e6rt hurtigvoksende, og starter produksjonen raskere enn de fleste andre n\u00f8ttetr\u00e6r. &hellip; <a href=\"https:\/\/xn--hjertentt-r8a.no\/?page_id=87\" class=\"more-link\">Fortsett \u00e5 lese<span class=\"screen-reader-text\"> \u00abHva er hjertn\u00f8tt?\u00bb<\/span><\/a><\/p>\n","protected":false},"author":1,"featured_media":325,"parent":0,"menu_order":0,"comment_status":"closed","ping_status":"closed","template":"","meta":{"footnotes":""},"class_list":["post-87","page","type-page","status-publish","has-post-thumbnail","hentry"],"_links":{"self":[{"href":"https:\/\/xn--hjertentt-r8a.no\/index.php?rest_route=\/wp\/v2\/pages\/87","targetHints":{"allow":["GET"]}}],"collection":[{"href":"https:\/\/xn--hjertentt-r8a.no\/index.php?rest_route=\/wp\/v2\/pages"}],"about":[{"href":"https:\/\/xn--hjertentt-r8a.no\/index.php?rest_route=\/wp\/v2\/types\/page"}],"author":[{"embeddable":true,"href":"https:\/\/xn--hjertentt-r8a.no\/index.php?rest_route=\/wp\/v2\/users\/1"}],"replies":[{"embeddable":true,"href":"https:\/\/xn--hjertentt-r8a.no\/index.php?rest_route=%2Fwp%2Fv2%2Fcomments&post=87"}],"version-history":[{"count":4,"href":"https:\/\/xn--hjertentt-r8a.no\/index.php?rest_route=\/wp\/v2\/pages\/87\/revisions"}],"predecessor-version":[{"id":331,"href":"https:\/\/xn--hjertentt-r8a.no\/index.php?rest_route=\/wp\/v2\/pages\/87\/revisions\/331"}],"wp:featuredmedia":[{"embeddable":true,"href":"https:\/\/xn--hjertentt-r8a.no\/index.php?rest_route=\/wp\/v2\/media\/325"}],"wp:attachment":[{"href":"https:\/\/xn--hjertentt-r8a.no\/index.php?rest_route=%2Fwp%2Fv2%2Fmedia&parent=87"}],"curies":[{"name":"wp","href":"https:\/\/api.w.org\/{rel}","templated":true}]}}