{"id":88,"date":"2020-07-10T19:25:00","date_gmt":"2020-07-10T19:25:00","guid":{"rendered":"https:\/\/xn--hjertentt-r8a.no\/?page_id=88"},"modified":"2025-02-09T16:38:08","modified_gmt":"2025-02-09T16:38:08","slug":"om-garden","status":"publish","type":"page","link":"https:\/\/xn--hjertentt-r8a.no\/?page_id=88","title":{"rendered":"Om g\u00e5rden"},"content":{"rendered":"\n<p>G\u00e5rden heter Hetland, og er en noks\u00e5 typisk vestlandsg\u00e5rd. Den ligger lunt og s\u00f8r-\u00f8stvendt, slik at vi f\u00e5r relativt varme somrer til vestlandet \u00e5 v\u00e6re. Her er relativt lite vind. Jorda er sur, men relativt n\u00e6ringsrik. Store nedb\u00f8rsmengder samt h\u00f8ye avlinger medf\u00f8rer at vi m\u00e5 kalke mye. Gjennomsnittsnedb\u00f8ren er ca 2 500 millimeter pr \u00e5r, og vi har forholdsvis milde vintre.<\/p>\n\n\n\n<p>Hetland har v\u00e6rt drevet siden jernalderen, og de eldste husrestene har vi f\u00e5tt datert til 400 -tallet. Den fikk navnet sitt etter hassel(n\u00f8tt)skogene som vokste her p\u00e5 den tiden. De eldste hustuftene er utformet som et langhus, og ligger like ovenfor dagens tun, sammen med en gravhaug og murer etter den tidens gardsdrift. Hasselskogene har m\u00e5ttet vike for senere tiders oppdyrking og rydding for grasproduksjon. <\/p>\n\n\n\n<p>Pr i dag disponerer vi store mengder kulturbeiter. Dette er kupert terreng hvor man har f\u00e5tt inn h\u00f8ytytende grassorter, men hvor det er lite fremkommelig med traktor. Det er ogs\u00e5 dyrket opp st\u00f8rre flater nede ved g\u00e5rden, s\u00e6rlig etter at buldoser og gravemaskin kom etter krigen. Vi har derfor mye myr som er oppdyrket. Denne er vanskelig \u00e5 drive, da vi har et stort nedb\u00f8rsoverskudd. <\/p>\n\n\n\n<p>Produksjonen er p\u00e5 grunnlag av rundt 200 vinterfora sauer, produserer t\u00f8mmer og ved, har et kraftverk p\u00e5 garden, samt driver noe utleie av jakt.<\/p>\n\n\n\n<p>De siste par \u00e5rene har vi satt igang med etablering av n\u00f8tteplantasje. Vi har satt av 40 dekar til form\u00e5let, og vi planter fortl\u00f8pende etter hvert som vi f\u00e5r tak i de sortene vi skal ha.<\/p>\n","protected":false},"excerpt":{"rendered":"<p>G\u00e5rden heter Hetland, og er en noks\u00e5 typisk vestlandsg\u00e5rd. Den ligger lunt og s\u00f8r-\u00f8stvendt, slik at vi f\u00e5r relativt varme somrer til vestlandet \u00e5 v\u00e6re. Her er relativt lite vind. Jorda er sur, men relativt n\u00e6ringsrik. Store nedb\u00f8rsmengder samt h\u00f8ye avlinger medf\u00f8rer at vi m\u00e5 kalke mye. Gjennomsnittsnedb\u00f8ren er ca 2 500 millimeter pr \u00e5r, &hellip; <a href=\"https:\/\/xn--hjertentt-r8a.no\/?page_id=88\" class=\"more-link\">Fortsett \u00e5 lese<span class=\"screen-reader-text\"> \u00abOm g\u00e5rden\u00bb<\/span><\/a><\/p>\n","protected":false},"author":1,"featured_media":217,"parent":0,"menu_order":0,"comment_status":"closed","ping_status":"closed","template":"","meta":{"footnotes":""},"class_list":["post-88","page","type-page","status-publish","has-post-thumbnail","hentry"],"_links":{"self":[{"href":"https:\/\/xn--hjertentt-r8a.no\/index.php?rest_route=\/wp\/v2\/pages\/88","targetHints":{"allow":["GET"]}}],"collection":[{"href":"https:\/\/xn--hjertentt-r8a.no\/index.php?rest_route=\/wp\/v2\/pages"}],"about":[{"href":"https:\/\/xn--hjertentt-r8a.no\/index.php?rest_route=\/wp\/v2\/types\/page"}],"author":[{"embeddable":true,"href":"https:\/\/xn--hjertentt-r8a.no\/index.php?rest_route=\/wp\/v2\/users\/1"}],"replies":[{"embeddable":true,"href":"https:\/\/xn--hjertentt-r8a.no\/index.php?rest_route=%2Fwp%2Fv2%2Fcomments&post=88"}],"version-history":[{"count":7,"href":"https:\/\/xn--hjertentt-r8a.no\/index.php?rest_route=\/wp\/v2\/pages\/88\/revisions"}],"predecessor-version":[{"id":360,"href":"https:\/\/xn--hjertentt-r8a.no\/index.php?rest_route=\/wp\/v2\/pages\/88\/revisions\/360"}],"wp:featuredmedia":[{"embeddable":true,"href":"https:\/\/xn--hjertentt-r8a.no\/index.php?rest_route=\/wp\/v2\/media\/217"}],"wp:attachment":[{"href":"https:\/\/xn--hjertentt-r8a.no\/index.php?rest_route=%2Fwp%2Fv2%2Fmedia&parent=88"}],"curies":[{"name":"wp","href":"https:\/\/api.w.org\/{rel}","templated":true}]}}