{"id":89,"date":"2020-07-10T19:25:00","date_gmt":"2020-07-10T19:25:00","guid":{"rendered":"https:\/\/xn--hjertentt-r8a.no\/?page_id=89"},"modified":"2025-02-09T16:36:06","modified_gmt":"2025-02-09T16:36:06","slug":"hvem-er-vi","status":"publish","type":"page","link":"https:\/\/xn--hjertentt-r8a.no\/?page_id=89","title":{"rendered":"Hvem er jeg?"},"content":{"rendered":"\n<p>Jeg heter Magnus Haugland, og driver har en n\u00f8tteplantasje p\u00e5 g\u00e5rden Hetland i Vindafjord, \u00f8st for Haugesund. Til daglig jobber jeg i Norsk Landbruksr\u00e5dgiving og Landbrukets Klimaselskap.<\/p>\n\n\n\n<p>Jeg gikk ut fra NMBU i 2005 og overtok g\u00e5rden i 2011. Vinteren 2018\/2019 bestemte jeg meg for \u00e5 starte opp med n\u00f8tteproduksjon med hjerten\u00f8tter. Siden dette er nytt og upr\u00f8vd i Norge, har jeg f\u00e5tt forskningsmidler til \u00e5 engasjere NIBIO. De har bidratt med forskning p\u00e5 denne produksjonen, samt f\u00e5t etablert en dyrkningsveileder for hjerten\u00f8tt.<\/p>\n\n\n\n<p>Det vil g\u00e5 noen \u00e5r f\u00f8r jeg har h\u00f8stbar avling \u00e5 selge, forutsatt at dette g\u00e5r bra. Forel\u00f8pig handler det mest om \u00e5 stelle tr\u00e6rne, og h\u00f8ste erfaringer. Avling for salg forventes n\u00e6rmere 2030.<\/p>\n\n\n\n<p><\/p>\n","protected":false},"excerpt":{"rendered":"<p>Jeg heter Magnus Haugland, og driver har en n\u00f8tteplantasje p\u00e5 g\u00e5rden Hetland i Vindafjord, \u00f8st for Haugesund. Til daglig jobber jeg i Norsk Landbruksr\u00e5dgiving og Landbrukets Klimaselskap. Jeg gikk ut fra NMBU i 2005 og overtok g\u00e5rden i 2011. Vinteren 2018\/2019 bestemte jeg meg for \u00e5 starte opp med n\u00f8tteproduksjon med hjerten\u00f8tter. Siden dette er &hellip; <a href=\"https:\/\/xn--hjertentt-r8a.no\/?page_id=89\" class=\"more-link\">Fortsett \u00e5 lese<span class=\"screen-reader-text\"> \u00abHvem er jeg?\u00bb<\/span><\/a><\/p>\n","protected":false},"author":1,"featured_media":0,"parent":0,"menu_order":0,"comment_status":"closed","ping_status":"closed","template":"","meta":{"footnotes":""},"class_list":["post-89","page","type-page","status-publish","hentry"],"_links":{"self":[{"href":"https:\/\/xn--hjertentt-r8a.no\/index.php?rest_route=\/wp\/v2\/pages\/89","targetHints":{"allow":["GET"]}}],"collection":[{"href":"https:\/\/xn--hjertentt-r8a.no\/index.php?rest_route=\/wp\/v2\/pages"}],"about":[{"href":"https:\/\/xn--hjertentt-r8a.no\/index.php?rest_route=\/wp\/v2\/types\/page"}],"author":[{"embeddable":true,"href":"https:\/\/xn--hjertentt-r8a.no\/index.php?rest_route=\/wp\/v2\/users\/1"}],"replies":[{"embeddable":true,"href":"https:\/\/xn--hjertentt-r8a.no\/index.php?rest_route=%2Fwp%2Fv2%2Fcomments&post=89"}],"version-history":[{"count":7,"href":"https:\/\/xn--hjertentt-r8a.no\/index.php?rest_route=\/wp\/v2\/pages\/89\/revisions"}],"predecessor-version":[{"id":359,"href":"https:\/\/xn--hjertentt-r8a.no\/index.php?rest_route=\/wp\/v2\/pages\/89\/revisions\/359"}],"wp:attachment":[{"href":"https:\/\/xn--hjertentt-r8a.no\/index.php?rest_route=%2Fwp%2Fv2%2Fmedia&parent=89"}],"curies":[{"name":"wp","href":"https:\/\/api.w.org\/{rel}","templated":true}]}}